{"id":3834,"date":"2022-11-14T07:39:02","date_gmt":"2022-11-14T07:39:02","guid":{"rendered":"https:\/\/oiatechnologies.com\/about-us\/"},"modified":"2022-12-12T15:55:13","modified_gmt":"2022-12-12T15:55:13","slug":"about-us","status":"publish","type":"page","link":"https:\/\/oiatechnologies.com\/vi\/about-us\/","title":{"rendered":"About Us"},"content":{"rendered":"\t\t<div data-elementor-type=\"wp-page\" data-elementor-id=\"3834\" class=\"elementor elementor-3834\">\n\t\t\t\t\t\t<section class=\"elementor-section elementor-top-section elementor-element elementor-element-266bc9d elementor-section-boxed elementor-section-height-default elementor-section-height-default\" data-id=\"266bc9d\" data-element_type=\"section\" data-e-type=\"section\" data-settings=\"{&quot;background_background&quot;:&quot;classic&quot;}\">\n\t\t\t\t\t\t\t<div class=\"elementor-background-overlay\"><\/div>\n\t\t\t\t\t\t\t<div class=\"elementor-container elementor-column-gap-no\">\n\t\t\t\t\t<div class=\"elementor-column elementor-col-100 elementor-top-column elementor-element elementor-element-6972bbd\" data-id=\"6972bbd\" data-element_type=\"column\" data-e-type=\"column\">\n\t\t\t<div class=\"elementor-widget-wrap elementor-element-populated\">\n\t\t\t\t\t\t<div class=\"elementor-element elementor-element-1b9d72a elementor-widget elementor-widget-heading\" data-id=\"1b9d72a\" data-element_type=\"widget\" data-e-type=\"widget\" data-widget_type=\"heading.default\">\n\t\t\t\t<div class=\"elementor-widget-container\">\n\t\t\t\t\t<h2 class=\"elementor-heading-title elementor-size-default\">About Us<\/h2>\t\t\t\t<\/div>\n\t\t\t\t<\/div>\n\t\t\t\t<div class=\"elementor-element elementor-element-4e90c27 elementor-widget-divider--view-line elementor-widget elementor-widget-divider\" data-id=\"4e90c27\" data-element_type=\"widget\" data-e-type=\"widget\" data-widget_type=\"divider.default\">\n\t\t\t\t<div class=\"elementor-widget-container\">\n\t\t\t\t\t\t\t<div class=\"elementor-divider\">\n\t\t\t<span class=\"elementor-divider-separator\">\n\t\t\t\t\t\t<\/span>\n\t\t<\/div>\n\t\t\t\t\t\t<\/div>\n\t\t\t\t<\/div>\n\t\t\t\t\t<\/div>\n\t\t<\/div>\n\t\t\t\t\t<\/div>\n\t\t<\/section>\n\t\t\t\t<section class=\"elementor-section elementor-top-section elementor-element elementor-element-146bdc50 elementor-section-content-middle elementor-section-boxed elementor-section-height-default elementor-section-height-default\" data-id=\"146bdc50\" data-element_type=\"section\" data-e-type=\"section\">\n\t\t\t\t\t\t<div class=\"elementor-container elementor-column-gap-no\">\n\t\t\t\t\t<div class=\"elementor-column elementor-col-50 elementor-top-column elementor-element elementor-element-5878f95d\" data-id=\"5878f95d\" data-element_type=\"column\" data-e-type=\"column\">\n\t\t\t<div class=\"elementor-widget-wrap elementor-element-populated\">\n\t\t\t\t\t\t<div class=\"elementor-element elementor-element-35fbaded elementor-widget elementor-widget-image\" data-id=\"35fbaded\" data-element_type=\"widget\" data-e-type=\"widget\" data-widget_type=\"image.default\">\n\t\t\t\t<div class=\"elementor-widget-container\">\n\t\t\t\t\t\t\t\t\t\t\t\t\t\t\t<img fetchpriority=\"high\" decoding=\"async\" width=\"600\" height=\"900\" src=\"https:\/\/oiatechnologies.com\/wp-content\/uploads\/2022\/10\/tok1.jpg\" class=\"attachment-medium_large size-medium_large wp-image-2022\" alt=\"\" srcset=\"https:\/\/oiatechnologies.com\/wp-content\/uploads\/2022\/10\/tok1.jpg 600w, https:\/\/oiatechnologies.com\/wp-content\/uploads\/2022\/10\/tok1-200x300.jpg 200w\" sizes=\"(max-width: 600px) 100vw, 600px\" \/>\t\t\t\t\t\t\t\t\t\t\t\t\t\t\t<\/div>\n\t\t\t\t<\/div>\n\t\t\t\t\t<\/div>\n\t\t<\/div>\n\t\t\t\t<div class=\"elementor-column elementor-col-50 elementor-top-column elementor-element elementor-element-2c3ace64\" data-id=\"2c3ace64\" data-element_type=\"column\" data-e-type=\"column\">\n\t\t\t<div class=\"elementor-widget-wrap elementor-element-populated\">\n\t\t\t\t\t\t<div class=\"elementor-element elementor-element-127c54ca elementor-widget elementor-widget-heading\" data-id=\"127c54ca\" data-element_type=\"widget\" data-e-type=\"widget\" data-widget_type=\"heading.default\">\n\t\t\t\t<div class=\"elementor-widget-container\">\n\t\t\t\t\t<h4 class=\"elementor-heading-title elementor-size-default\">About Oia Technology<\/h4>\t\t\t\t<\/div>\n\t\t\t\t<\/div>\n\t\t\t\t<div class=\"elementor-element elementor-element-7197acfe elementor-widget elementor-widget-text-editor\" data-id=\"7197acfe\" data-element_type=\"widget\" data-e-type=\"widget\" data-widget_type=\"text-editor.default\">\n\t\t\t\t<div class=\"elementor-widget-container\">\n\t\t\t\t\t\t\t\t\t<p class=\"tdfocus-1669713408262\">Oia Technologies l\u00e0 chi nh\u00e1nh tr\u1ef1c thu\u1ed9c t\u1eadp \u0111o\u00e0n Polyarome chuy\u00ean v\u1ec1 m\u1ea3ng th\u00e0nh ph\u1ea9m.<\/p><p class=\"tdfocus-1669713408262\"><br><\/p>\n<p class=\"tdfocus-1669713406971\">\u0110\u01b0\u1ee3c th\u00e0nh l\u1eadp t\u1ea1i \u0110\u00e0i Loan, Oia Technologies k\u1ebft h\u1ee3p c\u00e1c lo\u1ea1i tinh d\u1ea7u n\u01b0\u1edbc hoa cao c\u1ea5p \u0111\u1ebfn t\u1eeb Ch\u00e2u u b\u1eb1ng nh\u1eefng c\u00f4ng ngh\u1ec7 ti\u00ean ti\u1ebfn nh\u1ea5t \u0111\u1ec3 ph\u00e1t tri\u1ec3n v\u00e0 \u0111a d\u1ea1ng h\u00f3a c\u00e1c \u00fd t\u01b0\u1edfng, \u0111em t\u1edbi cho ng\u01b0\u1eddi d\u00f9ng nh\u1eefng th\u00e0nh ph\u1ea9m to\u00e0n di\u1ec7n.<\/p><p class=\"tdfocus-1669713406971\"><br><\/p>\n<p>\u0110i\u1ec1u n\u00e0y \u0111\u01b0\u1ee3c th\u1ec3 hi\u1ec7n th\u00f4ng qua c\u00e1c d\u00f2ng s\u1ea3n ph\u1ea9m c\u1ee7a ch\u00fang t\u00f4i, bao g\u1ed3m Serum ch\u1ed1ng l\u00e3o h\u00f3a Mai Thaya, b\u1ed9 s\u01b0u t\u1eadp n\u01b0\u1edbc r\u1eeda tay kh\u00f4 h\u01b0\u01a1ng n\u01b0\u1edbc hoa Airtok v\u00e0 d\u00f2ng n\u01b0\u1edbc r\u1eeda tay kh\u00f4 Myst. Ch\u00fang t\u00f4i lu\u00f4n t\u1ef1 h\u00e0o khi mang \u0111\u1ebfn gi\u00e1 tr\u1ecb to l\u1edbn v\u00e0 nh\u1eefng tr\u1ea3i nghi\u1ec7m ho\u00e0n to\u00e0n m\u1edbi cho kh\u00e1ch h\u00e0ng c\u1ee7a m\u00ecnh.<\/p>\t\t\t\t\t\t\t\t<\/div>\n\t\t\t\t<\/div>\n\t\t\t\t\t<\/div>\n\t\t<\/div>\n\t\t\t\t\t<\/div>\n\t\t<\/section>\n\t\t\t\t<\/div>\n\t\t","protected":false},"excerpt":{"rendered":"<p>About Us About Oia Technology Oia Technologies l\u00e0 chi nh\u00e1nh tr\u1ef1c thu\u1ed9c t\u1eadp \u0111o\u00e0n Polyarome chuy\u00ean v\u1ec1 m\u1ea3ng th\u00e0nh ph\u1ea9m. \u0110\u01b0\u1ee3c th\u00e0nh l\u1eadp t\u1ea1i \u0110\u00e0i Loan, Oia Technologies k\u1ebft h\u1ee3p c\u00e1c lo\u1ea1i tinh d\u1ea7u n\u01b0\u1edbc hoa cao c\u1ea5p \u0111\u1ebfn t\u1eeb Ch\u00e2u u b\u1eb1ng nh\u1eefng c\u00f4ng ngh\u1ec7 ti\u00ean ti\u1ebfn nh\u1ea5t \u0111\u1ec3 ph\u00e1t tri\u1ec3n v\u00e0 \u0111a d\u1ea1ng [&hellip;]<\/p>\n","protected":false},"author":1,"featured_media":0,"parent":0,"menu_order":0,"comment_status":"closed","ping_status":"closed","template":"","meta":{"site-sidebar-layout":"no-sidebar","site-content-layout":"page-builder","ast-site-content-layout":"default","site-content-style":"default","site-sidebar-style":"default","ast-global-header-display":"","ast-banner-title-visibility":"","ast-main-header-display":"","ast-hfb-above-header-display":"","ast-hfb-below-header-display":"","ast-hfb-mobile-header-display":"","site-post-title":"disabled","ast-breadcrumbs-content":"","ast-featured-img":"disabled","footer-sml-layout":"","ast-disable-related-posts":"","theme-transparent-header-meta":"enabled","adv-header-id-meta":"","stick-header-meta":"","header-above-stick-meta":"","header-main-stick-meta":"","header-below-stick-meta":"","astra-migrate-meta-layouts":"default","ast-page-background-enabled":"default","ast-page-background-meta":{"desktop":{"background-color":"","background-image":"","background-repeat":"repeat","background-position":"center center","background-size":"auto","background-attachment":"scroll","background-type":"","background-media":"","overlay-type":"","overlay-color":"","overlay-opacity":"","overlay-gradient":""},"tablet":{"background-color":"","background-image":"","background-repeat":"repeat","background-position":"center center","background-size":"auto","background-attachment":"scroll","background-type":"","background-media":"","overlay-type":"","overlay-color":"","overlay-opacity":"","overlay-gradient":""},"mobile":{"background-color":"","background-image":"","background-repeat":"repeat","background-position":"center center","background-size":"auto","background-attachment":"scroll","background-type":"","background-media":"","overlay-type":"","overlay-color":"","overlay-opacity":"","overlay-gradient":""}},"ast-content-background-meta":{"desktop":{"background-color":"var(--ast-global-color-5)","background-image":"","background-repeat":"repeat","background-position":"center center","background-size":"auto","background-attachment":"scroll","background-type":"","background-media":"","overlay-type":"","overlay-color":"","overlay-opacity":"","overlay-gradient":""},"tablet":{"background-color":"var(--ast-global-color-5)","background-image":"","background-repeat":"repeat","background-position":"center center","background-size":"auto","background-attachment":"scroll","background-type":"","background-media":"","overlay-type":"","overlay-color":"","overlay-opacity":"","overlay-gradient":""},"mobile":{"background-color":"var(--ast-global-color-5)","background-image":"","background-repeat":"repeat","background-position":"center center","background-size":"auto","background-attachment":"scroll","background-type":"","background-media":"","overlay-type":"","overlay-color":"","overlay-opacity":"","overlay-gradient":""}},"footnotes":""},"class_list":["post-3834","page","type-page","status-publish","hentry"],"_links":{"self":[{"href":"https:\/\/oiatechnologies.com\/vi\/wp-json\/wp\/v2\/pages\/3834","targetHints":{"allow":["GET"]}}],"collection":[{"href":"https:\/\/oiatechnologies.com\/vi\/wp-json\/wp\/v2\/pages"}],"about":[{"href":"https:\/\/oiatechnologies.com\/vi\/wp-json\/wp\/v2\/types\/page"}],"author":[{"embeddable":true,"href":"https:\/\/oiatechnologies.com\/vi\/wp-json\/wp\/v2\/users\/1"}],"replies":[{"embeddable":true,"href":"https:\/\/oiatechnologies.com\/vi\/wp-json\/wp\/v2\/comments?post=3834"}],"version-history":[{"count":0,"href":"https:\/\/oiatechnologies.com\/vi\/wp-json\/wp\/v2\/pages\/3834\/revisions"}],"wp:attachment":[{"href":"https:\/\/oiatechnologies.com\/vi\/wp-json\/wp\/v2\/media?parent=3834"}],"curies":[{"name":"wp","href":"https:\/\/api.w.org\/{rel}","templated":true}]}}